{"id":7,"date":"2024-02-03T15:50:23","date_gmt":"2024-02-03T15:50:23","guid":{"rendered":"http:\/\/mekteb.us\/contact\/"},"modified":"2025-09-04T17:49:23","modified_gmt":"2025-09-04T17:49:23","slug":"contact","status":"publish","type":"page","link":"https:\/\/mekteb.us\/en\/contact\/","title":{"rendered":"Contact"},"content":{"rendered":"<p class=\"\">Nijaz ef. Valjev\u010di\u0107<br>imam@mekteb.us<br><\/p>\n\n\n\n<h2 class=\"wp-block-heading\"><strong>Muallims\/Vjerou\u010ditelji<\/strong><\/h2>\n\n\n\n<p class=\"\">Dervi\u0161 Hamzagi\u0107<br>dervi\u0161@mekteb.us<\/p>\n\n\n\n<p class=\"\">Maida Ikelji\u0107<br>maida@mekteb.us<br><br>Nina Rustemovi\u0107-\u0160e\u010di\u0107<br>nina@mekteb.us<\/p>\n\n\n\n<p class=\"\">Denira Valjev\u010di\u0107<br>denira@mekteb.us<\/p>\n\n\n\n<p class=\"\">Amina Ikelji\u0107<br>amina@mekteb.us<br><br><br><br><br><br><br><\/p>","protected":false},"excerpt":{"rendered":"<div class=\"mh-excerpt\"><p>Nijaz ef. Valjev\u010di\u0107imam@mekteb.us Muallims\/Vjerou\u010ditelji Dervi\u0161 Hamzagi\u0107dervi\u0161@mekteb.us Maida Ikelji\u0107maida@mekteb.us Nina Rustemovi\u0107-\u0160e\u010di\u0107nina@mekteb.us Denira Valjev\u010di\u0107denira@mekteb.us Amina Ikelji\u0107amina@mekteb.us<\/p>\n<\/div>","protected":false},"author":1,"featured_media":0,"parent":0,"menu_order":2,"comment_status":"closed","ping_status":"closed","template":"","meta":{"nf_dc_page":"","om_disable_all_campaigns":false,"_monsterinsights_skip_tracking":false,"_monsterinsights_sitenote_active":false,"_monsterinsights_sitenote_note":"","_monsterinsights_sitenote_category":0,"footnotes":""},"class_list":["post-7","page","type-page","status-publish"],"yoast_head":"<!-- This site is optimized with the Yoast SEO plugin v27.4 - https:\/\/yoast.com\/product\/yoast-seo-wordpress\/ -->\n<title>Contact - IEC EZAN<\/title>\n<meta name=\"robots\" content=\"index, follow, max-snippet:-1, max-image-preview:large, max-video-preview:-1\" \/>\n<link rel=\"canonical\" href=\"http:\/\/mekteb.us\/en\/contact\/\" \/>\n<meta property=\"og:locale\" content=\"en_US\" \/>\n<meta property=\"og:type\" content=\"article\" \/>\n<meta property=\"og:title\" content=\"Contact - IEC EZAN\" \/>\n<meta property=\"og:description\" content=\"Nijaz ef. Valjev\u010di\u0107imam@mekteb.us Muallims\/Vjerou\u010ditelji Dervi\u0161 Hamzagi\u0107dervi\u0161@mekteb.us Maida Ikelji\u0107maida@mekteb.us Nina Rustemovi\u0107-\u0160e\u010di\u0107nina@mekteb.us Denira Valjev\u010di\u0107denira@mekteb.us Amina Ikelji\u0107amina@mekteb.us\" \/>\n<meta property=\"og:url\" content=\"http:\/\/mekteb.us\/en\/contact\/\" \/>\n<meta property=\"og:site_name\" content=\"IEC EZAN\" \/>\n<meta property=\"article:modified_time\" content=\"2025-09-04T17:49:23+00:00\" \/>\n<meta name=\"twitter:card\" content=\"summary_large_image\" \/>\n<meta name=\"twitter:label1\" content=\"Est. reading time\" \/>\n\t<meta name=\"twitter:data1\" content=\"1 minute\" \/>\n<script type=\"application\/ld+json\" class=\"yoast-schema-graph\">{\"@context\":\"https:\\\/\\\/schema.org\",\"@graph\":[{\"@type\":\"WebPage\",\"@id\":\"http:\\\/\\\/mekteb.us\\\/en\\\/contact\\\/\",\"url\":\"http:\\\/\\\/mekteb.us\\\/en\\\/contact\\\/\",\"name\":\"Contact - IEC EZAN\",\"isPartOf\":{\"@id\":\"https:\\\/\\\/mekteb.us\\\/#website\"},\"datePublished\":\"2024-02-03T15:50:23+00:00\",\"dateModified\":\"2025-09-04T17:49:23+00:00\",\"breadcrumb\":{\"@id\":\"http:\\\/\\\/mekteb.us\\\/en\\\/contact\\\/#breadcrumb\"},\"inLanguage\":\"en-US\",\"potentialAction\":[{\"@type\":\"ReadAction\",\"target\":[\"http:\\\/\\\/mekteb.us\\\/en\\\/contact\\\/\"]}]},{\"@type\":\"BreadcrumbList\",\"@id\":\"http:\\\/\\\/mekteb.us\\\/en\\\/contact\\\/#breadcrumb\",\"itemListElement\":[{\"@type\":\"ListItem\",\"position\":1,\"name\":\"Home\",\"item\":\"https:\\\/\\\/mekteb.us\\\/\"},{\"@type\":\"ListItem\",\"position\":2,\"name\":\"Contact\"}]},{\"@type\":\"WebSite\",\"@id\":\"https:\\\/\\\/mekteb.us\\\/#website\",\"url\":\"https:\\\/\\\/mekteb.us\\\/\",\"name\":\"IEC EZAN\",\"description\":\"6206 Douglas Ave, Iowa 50322\",\"potentialAction\":[{\"@type\":\"SearchAction\",\"target\":{\"@type\":\"EntryPoint\",\"urlTemplate\":\"https:\\\/\\\/mekteb.us\\\/?s={search_term_string}\"},\"query-input\":{\"@type\":\"PropertyValueSpecification\",\"valueRequired\":true,\"valueName\":\"search_term_string\"}}],\"inLanguage\":\"en-US\"}]}<\/script>\n<!-- \/ Yoast SEO plugin. -->","yoast_head_json":{"title":"Contact - IEC EZAN","robots":{"index":"index","follow":"follow","max-snippet":"max-snippet:-1","max-image-preview":"max-image-preview:large","max-video-preview":"max-video-preview:-1"},"canonical":"http:\/\/mekteb.us\/en\/contact\/","og_locale":"en_US","og_type":"article","og_title":"Contact - IEC EZAN","og_description":"Nijaz ef. Valjev\u010di\u0107imam@mekteb.us Muallims\/Vjerou\u010ditelji Dervi\u0161 Hamzagi\u0107dervi\u0161@mekteb.us Maida Ikelji\u0107maida@mekteb.us Nina Rustemovi\u0107-\u0160e\u010di\u0107nina@mekteb.us Denira Valjev\u010di\u0107denira@mekteb.us Amina Ikelji\u0107amina@mekteb.us","og_url":"http:\/\/mekteb.us\/en\/contact\/","og_site_name":"IEC EZAN","article_modified_time":"2025-09-04T17:49:23+00:00","twitter_card":"summary_large_image","twitter_misc":{"Est. reading time":"1 minute"},"schema":{"@context":"https:\/\/schema.org","@graph":[{"@type":"WebPage","@id":"http:\/\/mekteb.us\/en\/contact\/","url":"http:\/\/mekteb.us\/en\/contact\/","name":"Contact - IEC EZAN","isPartOf":{"@id":"https:\/\/mekteb.us\/#website"},"datePublished":"2024-02-03T15:50:23+00:00","dateModified":"2025-09-04T17:49:23+00:00","breadcrumb":{"@id":"http:\/\/mekteb.us\/en\/contact\/#breadcrumb"},"inLanguage":"en-US","potentialAction":[{"@type":"ReadAction","target":["http:\/\/mekteb.us\/en\/contact\/"]}]},{"@type":"BreadcrumbList","@id":"http:\/\/mekteb.us\/en\/contact\/#breadcrumb","itemListElement":[{"@type":"ListItem","position":1,"name":"Home","item":"https:\/\/mekteb.us\/"},{"@type":"ListItem","position":2,"name":"Contact"}]},{"@type":"WebSite","@id":"https:\/\/mekteb.us\/#website","url":"https:\/\/mekteb.us\/","name":"IEC EZAN","description":"6206 Douglas Ave, Iowa 50322","potentialAction":[{"@type":"SearchAction","target":{"@type":"EntryPoint","urlTemplate":"https:\/\/mekteb.us\/?s={search_term_string}"},"query-input":{"@type":"PropertyValueSpecification","valueRequired":true,"valueName":"search_term_string"}}],"inLanguage":"en-US"}]}},"jetpack_sharing_enabled":true,"_links":{"self":[{"href":"https:\/\/mekteb.us\/en\/wp-json\/wp\/v2\/pages\/7","targetHints":{"allow":["GET"]}}],"collection":[{"href":"https:\/\/mekteb.us\/en\/wp-json\/wp\/v2\/pages"}],"about":[{"href":"https:\/\/mekteb.us\/en\/wp-json\/wp\/v2\/types\/page"}],"author":[{"embeddable":true,"href":"https:\/\/mekteb.us\/en\/wp-json\/wp\/v2\/users\/1"}],"replies":[{"embeddable":true,"href":"https:\/\/mekteb.us\/en\/wp-json\/wp\/v2\/comments?post=7"}],"version-history":[{"count":4,"href":"https:\/\/mekteb.us\/en\/wp-json\/wp\/v2\/pages\/7\/revisions"}],"predecessor-version":[{"id":1222,"href":"https:\/\/mekteb.us\/en\/wp-json\/wp\/v2\/pages\/7\/revisions\/1222"}],"wp:attachment":[{"href":"https:\/\/mekteb.us\/en\/wp-json\/wp\/v2\/media?parent=7"}],"curies":[{"name":"wp","href":"https:\/\/api.w.org\/{rel}","templated":true}]}}