{"id":679,"date":"2024-09-10T18:54:47","date_gmt":"2024-09-10T18:54:47","guid":{"rendered":"https:\/\/mekteb.us\/?page_id=679"},"modified":"2025-11-28T21:18:04","modified_gmt":"2025-11-28T21:18:04","slug":"mektebski-red","status":"publish","type":"page","link":"https:\/\/mekteb.us\/en\/mektebski-red\/","title":{"rendered":"MEKTEBSKI RED"},"content":{"rendered":"<p class=\"\">Esselamu Alejkum! Dobro do\u0161li u novu mektebsku godinu 2024\/25!<\/p>\n\n\n\n<p class=\"\">Pred nama je uzbudljivo vrijeme puno novih izazova, u\u010denja i dru\u017eenja. Evo nekoliko va\u017enih informacija koje \u0107e vam pomo\u0107i da se pripremite za novu mektebsku godinu:<\/p>\n\n\n\n<ul class=\"wp-block-list\">\n<li class=\"\"><strong>\u0160kolski Pribor:<\/strong> U\u010denicima \u0107e biti potrebni: <em>sveska, olovka, gumica za brisanje i 3 ring binder.<\/em><\/li>\n\n\n\n<li class=\"\"><strong>Za vrijeme mektebske nastave:<\/strong><ul><li>U\u010denici ne smiju napustati prostorije bez odobrenja vjerou\u010ditelja. Izvan d\u017eamijskog prostora mogu biti samo uz prisustvo vjerou\u010ditelja.<\/li><\/ul>\n<ul class=\"wp-block-list\">\n<li class=\"\">Roditelji ne mogu prisustvovati nastavi, ili nalaziti se u prostorijama\/zgradi u kojima se odr\u017eava nastava.<\/li>\n<\/ul>\n<\/li>\n\n\n\n<li class=\"\"><strong>Simptomi gripe\/prehlade: <\/strong>Ako dijete pokazuje simptome gripe\/prehlade, itd. va\u017eno je da dijete ostane kod ku\u0107e dok se ne oporavi.<\/li>\n\n\n\n<li class=\"\"><strong>Mali\/veliki odmor: <\/strong>Ako je mogu\u0107e, period odmora se odr\u017eava na otvorenom u mektebskom dvori\u0161tu. Od roditelja se o\u010dekuje da obuku odje\u0107u djeci odgovaraju\u0107u za predvi\u0111ene vremenske uslove.<\/li>\n\n\n\n<li class=\"\"><strong>Odsustvovanje:<\/strong> Roditelji su du\u017eni unaprijed obavjestiti vjerou\u010dietelja ako u\u010denik mora ranije napusiti nastavu.<\/li>\n\n\n\n<li class=\"\"><strong>Kodeks&nbsp;obla\u010denja u mektebu:<\/strong> Odj\u0107a mora biti \u010dista i propisna za d\u017eamiju. Od u\u010denika se o\u010dekuje da budu obu\u010deni skromno i po islamskim propisima.<ul><li>Dje\u010daci moraju imati pantalone ili trenerku. Iako su \u0161orcevi ispot koljena dozvoljeni po islamu, za vrijeme mektebske nastave bilo kakvi \u0161orcevi nisi dozvoljeni.<\/li><\/ul>\n<ul class=\"wp-block-list\">\n<li class=\"\">Djevojke moraju biti pokrivene, uklju\u010duju\u0107i avrete, odnosno nije dozvoljeno da se vidi obris tijela, odnosno uska gardaroba.<\/li>\n<\/ul>\n<\/li>\n\n\n\n<li class=\"\"><strong>Ru\u010dak:<\/strong> zajedni\u010dki ru\u010dak \u0107e se servirati za vrijeme predvi\u0111eno za ru\u010dak. D\u017eemat EZAN \u0107e obezbijediti besplatan ru\u010dak.<\/li>\n\n\n\n<li class=\"\"><strong>Elektronski ure\u0111aji:<\/strong> Mobilni telefoni i drugi elektronski ure\u0111aji nisu dozvoljeni tokom nastave.<\/li>\n\n\n\n<li class=\"\"><strong>Raspust:<\/strong> I zimski i ljetni raspusti su predvi\u0111eni u isto vrijeme kako i u redovnim \u0161kolama.<\/li>\n\n\n\n<li class=\"\"><strong>Doma\u0107a zada\u0107a:<\/strong> Od u\u010denika se o\u010dekuje da urade doma\u0107u zada\u0107u kako bi se vje\u017ebali i utvrdili gradivo koje su nau\u010dili u mektebu. Roditeljima je obaveza da svojoj djeci u granicama mogu\u0107nosti pomognu.<\/li>\n<\/ul>\n\n\n\n<p class=\"\"><strong>&nbsp;<\/strong><img loading=\"lazy\" decoding=\"async\" width=\"369\" height=\"198\" src=\"\" alt=\"Text Box: VJEROU\u010cITELJI: Svi na\u0161i vjerou\u010ditelji su volonteri, koji \u017eele nesebi\u010dno posvetiti svoje vrijeme kako bi prenijeli svoja znanja i iskustva na mla\u0111e generacije. Zato vas molimo da imate razumijevanje i strpljena te da nam na ljubazno uka\u017eete na nedostake. \"><\/p>\n\n\n\n<p class=\"\"><strong><u>VAZNI DATUMI I AKTIVNOSTI 2025\/2026 (<\/u><\/strong>podlo\u017ean promjenama<strong>):<\/strong><\/p>\n\n\n\n<figure class=\"wp-block-table\"><table class=\"has-fixed-layout\"><tbody><tr><td><strong>DATUM<\/strong><\/td><td><strong>AKTIVNOST<\/strong><\/td><td><strong>DODATNE INFORMACIJE<\/strong><\/td><\/tr><tr><td>09\/07\/24 \u2013 &nbsp;<\/td><td>Mektebska Godina<\/td><td>N\/A<\/td><\/tr><tr><td><br><\/td><td>Dan zahvalnosti<br>Novogodi\u0161nji praznici<br>Ramazan &nbsp;<\/td><td>*Nema mektebske nastave*<\/td><\/tr><tr><td>TBD<\/td><td>Do\u010dek Ramazana<\/td><td>Vannastavna aktivnost\/program koji se sastoji od razli\u010ditih radionica, prilago\u0111enih svim uzrastima polaznika.<\/td><\/tr><tr><td>TBD &nbsp;<\/td><td>Hatme<\/td><td>Hatme i zavr\u0161na manifestacija mekteba<\/td><\/tr><tr><td>TBD<\/td><td>IZBSA Mektebsko Takmi\u010denje<\/td><td>God\u0161nje takmi\u010denje za sve uzraste\/mektebske grupe.<\/td><\/tr><\/tbody><\/table><\/figure>\n\n\n\n<p class=\"\">Sa djecom koja bolje znaju bos. jezik, poku\u0161avamo raditi i na bos. i na engleskom jeziku. Na\u017ealost, veliki broj djece, pogotovo u ni\u017eim razredima, nikako ne govore bos. jezik. Zato, u interesu razumijevanja vjere, \u0161to nam je prioritet, koristimo engleski jezik. Moramo imati u vidu da na\u0161u \u0161kolu poha\u0111aju i djeca koja nisu s na\u0161eg govornog podru\u010dja<\/p>\n\n\n\n<p class=\"\"><\/p>\n\n\n\n<p class=\"\"><\/p>\n\n\n\n<p class=\"\">Roditelji \u0107e biti obavje\u0161teni putem na\u0161e edukativne platforme o svim va\u017enim aktivnostima, nastavnom planu i programu koji \u0107e se odvijati za vrijeme mektebske godine. Sve informacije vezane za mekteb mo\u017eete prona\u0107i na na\u0161oj platformi, <a href=\"https:\/\/mekteb.us\/\">Home &#8211; IEC EZAN (mekteb.us)<\/a>. Tako\u0111er, na istoj platformi postoje informacije za roditelje, kao \u0161to su raspored mektebske nastave, napredak va\u0161eg djeteta i doma\u0107a zada\u0107a.<\/p>\n\n\n\n<p class=\"\">Radujemo se zajedni\u010dkom radu i uspje\u0161noj mektebskoj godini! Ako imate bilo kakvih pitanja ili trebate dodatne informacije, slobodno se obratite Nijaz ef. Valjev\u010di\u0107.<\/p>","protected":false},"excerpt":{"rendered":"<div class=\"mh-excerpt\"><p>Esselamu Alejkum! Dobro do\u0161li u novu mektebsku godinu 2024\/25! Pred nama je uzbudljivo vrijeme puno novih izazova, u\u010denja i dru\u017eenja. Evo nekoliko va\u017enih informacija koje \u0107e vam pomo\u0107i da se pripremite za novu mektebsku godinu: <a class=\"mh-excerpt-more\" href=\"https:\/\/mekteb.us\/en\/mektebski-red\/\" title=\"MEKTEBSKI RED\">[&#8230;]<\/a><\/p>\n<\/div>","protected":false},"author":1,"featured_media":0,"parent":0,"menu_order":0,"comment_status":"closed","ping_status":"closed","template":"","meta":{"nf_dc_page":"","om_disable_all_campaigns":false,"_monsterinsights_skip_tracking":false,"_monsterinsights_sitenote_active":false,"_monsterinsights_sitenote_note":"","_monsterinsights_sitenote_category":0,"footnotes":""},"class_list":["post-679","page","type-page","status-publish"],"yoast_head":"<!-- This site is optimized with the Yoast SEO plugin v27.4 - https:\/\/yoast.com\/product\/yoast-seo-wordpress\/ -->\n<title>MEKTEBSKI RED - IEC EZAN<\/title>\n<meta name=\"robots\" content=\"index, follow, max-snippet:-1, max-image-preview:large, max-video-preview:-1\" \/>\n<link rel=\"canonical\" href=\"http:\/\/mekteb.us\/en\/mektebski-red\/\" \/>\n<meta property=\"og:locale\" content=\"en_US\" \/>\n<meta property=\"og:type\" content=\"article\" \/>\n<meta property=\"og:title\" content=\"MEKTEBSKI RED - IEC EZAN\" \/>\n<meta property=\"og:description\" content=\"Esselamu Alejkum! Dobro do\u0161li u novu mektebsku godinu 2024\/25! Pred nama je uzbudljivo vrijeme puno novih izazova, u\u010denja i dru\u017eenja. Evo nekoliko va\u017enih informacija koje \u0107e vam pomo\u0107i da se pripremite za novu mektebsku godinu: [...]\" \/>\n<meta property=\"og:url\" content=\"http:\/\/mekteb.us\/en\/mektebski-red\/\" \/>\n<meta property=\"og:site_name\" content=\"IEC EZAN\" \/>\n<meta property=\"article:modified_time\" content=\"2025-11-28T21:18:04+00:00\" \/>\n<meta name=\"twitter:card\" content=\"summary_large_image\" \/>\n<meta name=\"twitter:label1\" content=\"Est. reading time\" \/>\n\t<meta name=\"twitter:data1\" content=\"3 minutes\" \/>\n<script type=\"application\/ld+json\" class=\"yoast-schema-graph\">{\"@context\":\"https:\\\/\\\/schema.org\",\"@graph\":[{\"@type\":\"WebPage\",\"@id\":\"http:\\\/\\\/mekteb.us\\\/mektebski-red\\\/\",\"url\":\"http:\\\/\\\/mekteb.us\\\/mektebski-red\\\/\",\"name\":\"MEKTEBSKI RED - IEC EZAN\",\"isPartOf\":{\"@id\":\"https:\\\/\\\/mekteb.us\\\/#website\"},\"datePublished\":\"2024-09-10T18:54:47+00:00\",\"dateModified\":\"2025-11-28T21:18:04+00:00\",\"breadcrumb\":{\"@id\":\"http:\\\/\\\/mekteb.us\\\/mektebski-red\\\/#breadcrumb\"},\"inLanguage\":\"en-US\",\"potentialAction\":[{\"@type\":\"ReadAction\",\"target\":[\"http:\\\/\\\/mekteb.us\\\/mektebski-red\\\/\"]}]},{\"@type\":\"BreadcrumbList\",\"@id\":\"http:\\\/\\\/mekteb.us\\\/mektebski-red\\\/#breadcrumb\",\"itemListElement\":[{\"@type\":\"ListItem\",\"position\":1,\"name\":\"Home\",\"item\":\"https:\\\/\\\/mekteb.us\\\/\"},{\"@type\":\"ListItem\",\"position\":2,\"name\":\"MEKTEBSKI RED\"}]},{\"@type\":\"WebSite\",\"@id\":\"https:\\\/\\\/mekteb.us\\\/#website\",\"url\":\"https:\\\/\\\/mekteb.us\\\/\",\"name\":\"IEC EZAN\",\"description\":\"6206 Douglas Ave, Iowa 50322\",\"potentialAction\":[{\"@type\":\"SearchAction\",\"target\":{\"@type\":\"EntryPoint\",\"urlTemplate\":\"https:\\\/\\\/mekteb.us\\\/?s={search_term_string}\"},\"query-input\":{\"@type\":\"PropertyValueSpecification\",\"valueRequired\":true,\"valueName\":\"search_term_string\"}}],\"inLanguage\":\"en-US\"}]}<\/script>\n<!-- \/ Yoast SEO plugin. -->","yoast_head_json":{"title":"MEKTEBSKI RED - IEC EZAN","robots":{"index":"index","follow":"follow","max-snippet":"max-snippet:-1","max-image-preview":"max-image-preview:large","max-video-preview":"max-video-preview:-1"},"canonical":"http:\/\/mekteb.us\/en\/mektebski-red\/","og_locale":"en_US","og_type":"article","og_title":"MEKTEBSKI RED - IEC EZAN","og_description":"Esselamu Alejkum! Dobro do\u0161li u novu mektebsku godinu 2024\/25! Pred nama je uzbudljivo vrijeme puno novih izazova, u\u010denja i dru\u017eenja. Evo nekoliko va\u017enih informacija koje \u0107e vam pomo\u0107i da se pripremite za novu mektebsku godinu: [...]","og_url":"http:\/\/mekteb.us\/en\/mektebski-red\/","og_site_name":"IEC EZAN","article_modified_time":"2025-11-28T21:18:04+00:00","twitter_card":"summary_large_image","twitter_misc":{"Est. reading time":"3 minutes"},"schema":{"@context":"https:\/\/schema.org","@graph":[{"@type":"WebPage","@id":"http:\/\/mekteb.us\/mektebski-red\/","url":"http:\/\/mekteb.us\/mektebski-red\/","name":"MEKTEBSKI RED - IEC EZAN","isPartOf":{"@id":"https:\/\/mekteb.us\/#website"},"datePublished":"2024-09-10T18:54:47+00:00","dateModified":"2025-11-28T21:18:04+00:00","breadcrumb":{"@id":"http:\/\/mekteb.us\/mektebski-red\/#breadcrumb"},"inLanguage":"en-US","potentialAction":[{"@type":"ReadAction","target":["http:\/\/mekteb.us\/mektebski-red\/"]}]},{"@type":"BreadcrumbList","@id":"http:\/\/mekteb.us\/mektebski-red\/#breadcrumb","itemListElement":[{"@type":"ListItem","position":1,"name":"Home","item":"https:\/\/mekteb.us\/"},{"@type":"ListItem","position":2,"name":"MEKTEBSKI RED"}]},{"@type":"WebSite","@id":"https:\/\/mekteb.us\/#website","url":"https:\/\/mekteb.us\/","name":"IEC EZAN","description":"6206 Douglas Ave, Iowa 50322","potentialAction":[{"@type":"SearchAction","target":{"@type":"EntryPoint","urlTemplate":"https:\/\/mekteb.us\/?s={search_term_string}"},"query-input":{"@type":"PropertyValueSpecification","valueRequired":true,"valueName":"search_term_string"}}],"inLanguage":"en-US"}]}},"jetpack_sharing_enabled":true,"_links":{"self":[{"href":"https:\/\/mekteb.us\/en\/wp-json\/wp\/v2\/pages\/679","targetHints":{"allow":["GET"]}}],"collection":[{"href":"https:\/\/mekteb.us\/en\/wp-json\/wp\/v2\/pages"}],"about":[{"href":"https:\/\/mekteb.us\/en\/wp-json\/wp\/v2\/types\/page"}],"author":[{"embeddable":true,"href":"https:\/\/mekteb.us\/en\/wp-json\/wp\/v2\/users\/1"}],"replies":[{"embeddable":true,"href":"https:\/\/mekteb.us\/en\/wp-json\/wp\/v2\/comments?post=679"}],"version-history":[{"count":5,"href":"https:\/\/mekteb.us\/en\/wp-json\/wp\/v2\/pages\/679\/revisions"}],"predecessor-version":[{"id":1243,"href":"https:\/\/mekteb.us\/en\/wp-json\/wp\/v2\/pages\/679\/revisions\/1243"}],"wp:attachment":[{"href":"https:\/\/mekteb.us\/en\/wp-json\/wp\/v2\/media?parent=679"}],"curies":[{"name":"wp","href":"https:\/\/api.w.org\/{rel}","templated":true}]}}