{"id":677,"date":"2024-09-10T18:51:17","date_gmt":"2024-09-10T18:51:17","guid":{"rendered":"https:\/\/mekteb.us\/?page_id=677"},"modified":"2024-09-10T18:51:52","modified_gmt":"2024-09-10T18:51:52","slug":"program","status":"publish","type":"page","link":"https:\/\/mekteb.us\/en\/program\/","title":{"rendered":"PROGRAM"},"content":{"rendered":"<p class=\"\">MEKTEB &#8211; IEC EZAN<\/p>\n\n\n\n<p class=\"has-text-align-left\">Mektebska nastava u IEC EZAN-u ima \u0161est razreda podjeljenih u dvije grupe &#8211; crvenu i<br>\u017eutu grupu. Crvena grupa referira mla\u0111e grupe ili sa manje usvojenog znanja, a \u017euta<br>starije ili grupe sa vi\u0161e usvojenog znanja. Obje grupe imaju po tri razreda.<\/p>\n\n\n\n<p class=\"\">CRVENI KARTON \u2013 prvi razred<\/p>\n\n\n\n<p class=\"\">Obzirom da je ovo najmla\u0111i razred \u2013 od 4 o 6 godina, o\u010dekivanja usvojenog znanja nisu<br>velika. Akcenat je da djeca zavole mekteb kroz razne radione. Svakako djeci zadavati \u0161ta<br>trebaju u\u010diti, jedinice koje vode ka samostalnom obavljanju namaza. Osnove islama,<br>interesantne i pou\u010dne pri\u010de su po\u017eeljne. Bojanke sa islamskim temama su lijepa radiona<br>zanjih. Ukoliko postoje naprednija djeca, svakako prona\u0107i vremena na njihovom<br>unapre\u0111ivanju. Iako zvu\u010di lahko, ipak je itekako bitan temelj razviti ljubav prema islamu,<br>mektebu i d\u017eamiji.<\/p>\n\n\n\n<p class=\"\">CRVENI KARTON \u2013 drugi razred<\/p>\n\n\n\n<p class=\"\">Ovo je razred koji je za nijansu stariji od prvog razreda. O\u010dekivanja usvojenog znanja<br>malo su ve\u0107a u odnosu na prvi razred. U ovom razredu su djeca koja su ve\u0107 navikla na<br>mektebsu nastavu i pomalo su naviknuti na frontalni oblik rada. Pored usvojenih jedinica<br>potrebnih za obavljanje namaza, drugi razred se bavi op\u0161tim temama poput stubova<br>islama, imanskih \u0161artova, \u0161turom historijom islama.<br>Ukoliko postoj naprednija djeca, svakako prona\u0107i na\u010din za njihovo unapre\u0111ivanje.<\/p>\n\n\n\n<p class=\"\">CRVENI KARTON \u2013 tre\u0107i razred<\/p>\n\n\n\n<p class=\"\">Tre\u0107i razred je najstariji i najnapredniji razred crvene grupe. Pored toga \u0161to su najstariji,<br>tre\u0107i razred ima frontalni oblik rada uz interakciju i testove. Nakon \u0161to uspje\u0161no savladaju<br>obavljanje namaza i osnove islama, mektebski polaznici dobivaju dozvolu da po\u010dnu u\u010diti<br>sufaru. Tre\u0107i razred se podrobnije bavi osnovama islama poku\u0161avaju\u0107i da razumiju ono<br>\u0161to memori\u0161u\/u\u010de i naravno za\u0161to u\u010de. Polaznici tre\u0107eg razreda imaju mnogo pitanja i<br>potpitanja na koja im valja odgovoriti. Mektebski polaznici ve\u0107 od tre\u0107eg razreda o\u010dekuju<br>racionalno obja\u0161njenje za\u0161to su zavoljeli islam, d\u017eamiju i mekteb. Iako ova obja\u0161njenja<br>nisu obuhva\u0107ena ud\u017ebenicima, njihova va\u017enost je ogromna jer bez ovog dijela, usvajanje<br>znanja i memorisanje odlomaka Kur\u2018ana prelazi u ucijene i prisilno, \u0161to islam ba\u0161 i ne<br>poznaje \u2013 bit \u0107e\u0161 ka\u017enjen ako ne nau\u010di\u0161 ili ne\u0107e\u0161 dobiti to i to sve dok ne nau\u010di\u0161 su<br>metode koje su kontraefektivne na dugoro\u010dnom planu.. Ukoliko postoje mekteblije sa<br>naprednijim znanjem, svakako prona\u0107i na\u010din za njihovo unapre\u0111ivanje, eventualno<br>prebacivanje u stariji razred.<\/p>\n\n\n\n<p class=\"\">MEKTEB &#8211; IEC EZAN<\/p>\n\n\n\n<p class=\"\">Mektebska nastava u IEC EZAN-u podjeljena je na \u0161est grupa, odnosno jedna crvena i<br>jedna \u017euta grupu. Crvena grupa referira mla\u0111e grupe ili sa manje usvojenog znanja, a<br>\u017euta starije ili grupe sa vi\u0161e usvojenog znanja. Obje grupe imaju po tri razreda.<\/p>\n\n\n\n<p class=\"\">\u017dUTI KARTON \u2013 \u010detvrti razred<\/p>\n\n\n\n<p class=\"\">Ukratko, \u010detvrti razred je napredniji tre\u0107i razred. \u010cetvrti razred je grupa koja je savladala<br>namaske jedinice i slu\u017ebeno pre\u0161la u sufaru. Ovaj razred ima zajedni\u010dke \u010dasove i nastavu<br>sa ostalim razredima unutar \u017eute grupe. Naime, sa ostalim mektebskim polaznicima<br>unutar \u017eute grupe frontalno obra\u0111uju islamske teme iz ud\u017ebenika sa muallimom,<br>\u010dekaju\u0107i svoj red da \u010ditaju sufaru. Prilikom \u010ditanja sufare veoma je va\u017eno razgovarati<br>li\u010dno\/personalno sa mektebskim polaznicima i pratiti njihovu ljubav i odnos prema<br>islamu, d\u017eamiji i mektebu. Nerjetko se desi da mektebskim polaznicima zbog \u017eivotne faze<br>kroz koju prolaze (problema ili puberteta) treba dodatnog razumjevanja.<\/p>\n\n\n\n<p class=\"\">\u017dUTI KARTON \u2013 peti razred<\/p>\n\n\n\n<p class=\"\">Ponovo, peti razred je opet napredniji \u010detvrti razred. Peti razred je grupa koja je<br>savladala namaske jedinice, pre\u0161la sufaru i slu\u017ebeno po\u010dela \u010ditanje Kur\u2018ana. Kako je ve\u0107<br>spomenuto, i peti razred unutar grupe \u017euti karton zajedno prati i frontalno obra\u0111uje<br>teme sa muallimom, \u010dekaju\u0107i svoj red za \u010ditanje Kur\u2018ana. Peti razred su mektebski<br>polaznici koji ne \u010ditaju dovoljno dobro arapsko pismo pa stoga sa njima ted\u017evidska pravila<br>nije mogu\u0107e ni obra\u0111ivati. Kako bi unaprijedili svoje u\u010denje, transkribovanje sure Jasin, a<br>kasnije svog d\u017euza je osnovna metoda za progres.<br>Ukoliko se pojave naprijedniji polaznici po pitanju \u010ditanja Kur\u2018ana, uklju\u010duju im se<br>ted\u017evidska pravila.<\/p>\n\n\n\n<p class=\"\">\u017dUTI KARTON \u2013 \u0161esti razred<\/p>\n\n\n\n<p class=\"\">\u0160esti razred je najstariji i najnapredniji razred \u017eute grupe. Pored toga \u0161to imaju znanje o<br>osnovama islama i \u010ditaju Kur\u2018an niz godina, polaznici \u0161estog razreda dolaze sa veoma<br>ozbiljnim pitanjima i problemima. Obzirom da nisu po\u010detnici u \u010ditanju Kur\u2018ana, \u0161esti<br>razred tretira i ted\u017evidska pravila. Polaznici \u0161estog razreda tako\u0111er rade na transkripciji<br>svog d\u017euza.<br>Obzirom da nakon ovog razreda mektebski polaznici postaju d\u017eematlije, razgovori i<br>dijalog sa ovim polaznicima je veoma potreban.<br>Da bismo postigli \u017eeljeni cilj, nu\u017eno je u mektebskom radu, pored vjerou\u010ditelja, da roditelji<br>aktivno budu uklju\u010deni. Naravno, ukoliko roditelju budu trebali bilo kakvu dodatnu pomo\u0107, vjerou\u010ditelji \u0107e rado pomo\u0107i.<\/p>","protected":false},"excerpt":{"rendered":"<div class=\"mh-excerpt\"><p>MEKTEB &#8211; IEC EZAN Mektebska nastava u IEC EZAN-u ima \u0161est razreda podjeljenih u dvije grupe &#8211; crvenu i\u017eutu grupu. Crvena grupa referira mla\u0111e grupe ili sa manje usvojenog znanja, a \u017eutastarije ili grupe sa <a class=\"mh-excerpt-more\" href=\"https:\/\/mekteb.us\/en\/program\/\" title=\"PROGRAM\">[&#8230;]<\/a><\/p>\n<\/div>","protected":false},"author":1,"featured_media":0,"parent":0,"menu_order":0,"comment_status":"closed","ping_status":"closed","template":"","meta":{"nf_dc_page":"","om_disable_all_campaigns":false,"_monsterinsights_skip_tracking":false,"_monsterinsights_sitenote_active":false,"_monsterinsights_sitenote_note":"","_monsterinsights_sitenote_category":0,"footnotes":""},"class_list":["post-677","page","type-page","status-publish"],"yoast_head":"<!-- This site is optimized with the Yoast SEO plugin v27.4 - https:\/\/yoast.com\/product\/yoast-seo-wordpress\/ -->\n<title>PROGRAM - IEC EZAN<\/title>\n<meta name=\"robots\" content=\"index, follow, max-snippet:-1, max-image-preview:large, max-video-preview:-1\" \/>\n<link rel=\"canonical\" href=\"https:\/\/mekteb.us\/en\/program\/\" \/>\n<meta property=\"og:locale\" content=\"en_US\" \/>\n<meta property=\"og:type\" content=\"article\" \/>\n<meta property=\"og:title\" content=\"PROGRAM - IEC EZAN\" \/>\n<meta property=\"og:description\" content=\"MEKTEB &#8211; IEC EZAN Mektebska nastava u IEC EZAN-u ima \u0161est razreda podjeljenih u dvije grupe &#8211; crvenu i\u017eutu grupu. Crvena grupa referira mla\u0111e grupe ili sa manje usvojenog znanja, a \u017eutastarije ili grupe sa [...]\" \/>\n<meta property=\"og:url\" content=\"https:\/\/mekteb.us\/en\/program\/\" \/>\n<meta property=\"og:site_name\" content=\"IEC EZAN\" \/>\n<meta property=\"article:modified_time\" content=\"2024-09-10T18:51:52+00:00\" \/>\n<meta name=\"twitter:card\" content=\"summary_large_image\" \/>\n<meta name=\"twitter:label1\" content=\"Est. reading time\" \/>\n\t<meta name=\"twitter:data1\" content=\"4 minutes\" \/>\n<script type=\"application\/ld+json\" class=\"yoast-schema-graph\">{\"@context\":\"https:\\\/\\\/schema.org\",\"@graph\":[{\"@type\":\"WebPage\",\"@id\":\"https:\\\/\\\/mekteb.us\\\/program\\\/\",\"url\":\"https:\\\/\\\/mekteb.us\\\/program\\\/\",\"name\":\"PROGRAM - IEC EZAN\",\"isPartOf\":{\"@id\":\"https:\\\/\\\/mekteb.us\\\/#website\"},\"datePublished\":\"2024-09-10T18:51:17+00:00\",\"dateModified\":\"2024-09-10T18:51:52+00:00\",\"breadcrumb\":{\"@id\":\"https:\\\/\\\/mekteb.us\\\/program\\\/#breadcrumb\"},\"inLanguage\":\"en-US\",\"potentialAction\":[{\"@type\":\"ReadAction\",\"target\":[\"https:\\\/\\\/mekteb.us\\\/program\\\/\"]}]},{\"@type\":\"BreadcrumbList\",\"@id\":\"https:\\\/\\\/mekteb.us\\\/program\\\/#breadcrumb\",\"itemListElement\":[{\"@type\":\"ListItem\",\"position\":1,\"name\":\"Home\",\"item\":\"https:\\\/\\\/mekteb.us\\\/\"},{\"@type\":\"ListItem\",\"position\":2,\"name\":\"PROGRAM\"}]},{\"@type\":\"WebSite\",\"@id\":\"https:\\\/\\\/mekteb.us\\\/#website\",\"url\":\"https:\\\/\\\/mekteb.us\\\/\",\"name\":\"IEC EZAN\",\"description\":\"6206 Douglas Ave, Iowa 50322\",\"potentialAction\":[{\"@type\":\"SearchAction\",\"target\":{\"@type\":\"EntryPoint\",\"urlTemplate\":\"https:\\\/\\\/mekteb.us\\\/?s={search_term_string}\"},\"query-input\":{\"@type\":\"PropertyValueSpecification\",\"valueRequired\":true,\"valueName\":\"search_term_string\"}}],\"inLanguage\":\"en-US\"}]}<\/script>\n<!-- \/ Yoast SEO plugin. -->","yoast_head_json":{"title":"PROGRAM - IEC EZAN","robots":{"index":"index","follow":"follow","max-snippet":"max-snippet:-1","max-image-preview":"max-image-preview:large","max-video-preview":"max-video-preview:-1"},"canonical":"https:\/\/mekteb.us\/en\/program\/","og_locale":"en_US","og_type":"article","og_title":"PROGRAM - IEC EZAN","og_description":"MEKTEB &#8211; IEC EZAN Mektebska nastava u IEC EZAN-u ima \u0161est razreda podjeljenih u dvije grupe &#8211; crvenu i\u017eutu grupu. Crvena grupa referira mla\u0111e grupe ili sa manje usvojenog znanja, a \u017eutastarije ili grupe sa [...]","og_url":"https:\/\/mekteb.us\/en\/program\/","og_site_name":"IEC EZAN","article_modified_time":"2024-09-10T18:51:52+00:00","twitter_card":"summary_large_image","twitter_misc":{"Est. reading time":"4 minutes"},"schema":{"@context":"https:\/\/schema.org","@graph":[{"@type":"WebPage","@id":"https:\/\/mekteb.us\/program\/","url":"https:\/\/mekteb.us\/program\/","name":"PROGRAM - IEC EZAN","isPartOf":{"@id":"https:\/\/mekteb.us\/#website"},"datePublished":"2024-09-10T18:51:17+00:00","dateModified":"2024-09-10T18:51:52+00:00","breadcrumb":{"@id":"https:\/\/mekteb.us\/program\/#breadcrumb"},"inLanguage":"en-US","potentialAction":[{"@type":"ReadAction","target":["https:\/\/mekteb.us\/program\/"]}]},{"@type":"BreadcrumbList","@id":"https:\/\/mekteb.us\/program\/#breadcrumb","itemListElement":[{"@type":"ListItem","position":1,"name":"Home","item":"https:\/\/mekteb.us\/"},{"@type":"ListItem","position":2,"name":"PROGRAM"}]},{"@type":"WebSite","@id":"https:\/\/mekteb.us\/#website","url":"https:\/\/mekteb.us\/","name":"IEC EZAN","description":"6206 Douglas Ave, Iowa 50322","potentialAction":[{"@type":"SearchAction","target":{"@type":"EntryPoint","urlTemplate":"https:\/\/mekteb.us\/?s={search_term_string}"},"query-input":{"@type":"PropertyValueSpecification","valueRequired":true,"valueName":"search_term_string"}}],"inLanguage":"en-US"}]}},"jetpack_sharing_enabled":true,"_links":{"self":[{"href":"https:\/\/mekteb.us\/en\/wp-json\/wp\/v2\/pages\/677","targetHints":{"allow":["GET"]}}],"collection":[{"href":"https:\/\/mekteb.us\/en\/wp-json\/wp\/v2\/pages"}],"about":[{"href":"https:\/\/mekteb.us\/en\/wp-json\/wp\/v2\/types\/page"}],"author":[{"embeddable":true,"href":"https:\/\/mekteb.us\/en\/wp-json\/wp\/v2\/users\/1"}],"replies":[{"embeddable":true,"href":"https:\/\/mekteb.us\/en\/wp-json\/wp\/v2\/comments?post=677"}],"version-history":[{"count":1,"href":"https:\/\/mekteb.us\/en\/wp-json\/wp\/v2\/pages\/677\/revisions"}],"predecessor-version":[{"id":678,"href":"https:\/\/mekteb.us\/en\/wp-json\/wp\/v2\/pages\/677\/revisions\/678"}],"wp:attachment":[{"href":"https:\/\/mekteb.us\/en\/wp-json\/wp\/v2\/media?parent=677"}],"curies":[{"name":"wp","href":"https:\/\/api.w.org\/{rel}","templated":true}]}}